{"id":320,"date":"2025-02-27T13:23:56","date_gmt":"2025-02-27T13:23:56","guid":{"rendered":"http:\/\/medren.gruponexora.com\/avviso-legale\/"},"modified":"2025-03-07T11:54:16","modified_gmt":"2025-03-07T11:54:16","slug":"avviso-legale","status":"publish","type":"page","link":"https:\/\/medren.energy\/it\/avviso-legale\/","title":{"rendered":"Avviso legale"},"content":{"rendered":"[vc_row type=&#8221;in_container&#8221; full_screen_row_position=&#8221;middle&#8221; column_margin=&#8221;default&#8221; column_direction=&#8221;default&#8221; column_direction_tablet=&#8221;default&#8221; column_direction_phone=&#8221;default&#8221; scene_position=&#8221;center&#8221; text_color=&#8221;dark&#8221; text_align=&#8221;left&#8221; row_border_radius=&#8221;none&#8221; row_border_radius_applies=&#8221;bg&#8221; overflow=&#8221;visible&#8221; overlay_strength=&#8221;0.3&#8243; gradient_direction=&#8221;left_to_right&#8221; shape_divider_position=&#8221;bottom&#8221; bg_image_animation=&#8221;none&#8221;][vc_column column_padding=&#8221;no-extra-padding&#8221; column_padding_tablet=&#8221;inherit&#8221; column_padding_phone=&#8221;inherit&#8221; column_padding_position=&#8221;all&#8221; column_element_direction_desktop=&#8221;default&#8221; column_element_spacing=&#8221;default&#8221; desktop_text_alignment=&#8221;default&#8221; tablet_text_alignment=&#8221;default&#8221; phone_text_alignment=&#8221;default&#8221; background_color_opacity=&#8221;1&#8243; background_hover_color_opacity=&#8221;1&#8243; column_backdrop_filter=&#8221;none&#8221; column_shadow=&#8221;none&#8221; column_border_radius=&#8221;none&#8221; column_link_target=&#8221;_self&#8221; column_position=&#8221;default&#8221; gradient_direction=&#8221;left_to_right&#8221; overlay_strength=&#8221;0.3&#8243; width=&#8221;1\/1&#8243; tablet_width_inherit=&#8221;default&#8221; animation_type=&#8221;default&#8221; bg_image_animation=&#8221;none&#8221; border_type=&#8221;simple&#8221; column_border_width=&#8221;none&#8221; column_border_style=&#8221;solid&#8221;][vc_row_inner column_margin=&#8221;default&#8221; column_direction=&#8221;default&#8221; column_direction_tablet=&#8221;default&#8221; column_direction_phone=&#8221;default&#8221; text_align=&#8221;left&#8221; row_position=&#8221;default&#8221; row_position_tablet=&#8221;inherit&#8221; row_position_phone=&#8221;inherit&#8221; overflow=&#8221;visible&#8221; pointer_events=&#8221;all&#8221;][vc_column_inner column_padding=&#8221;no-extra-padding&#8221; column_padding_tablet=&#8221;inherit&#8221; column_padding_phone=&#8221;inherit&#8221; column_padding_position=&#8221;all&#8221; column_element_direction_desktop=&#8221;default&#8221; column_element_spacing=&#8221;default&#8221; desktop_text_alignment=&#8221;default&#8221; tablet_text_alignment=&#8221;default&#8221; phone_text_alignment=&#8221;default&#8221; background_color_opacity=&#8221;1&#8243; background_hover_color_opacity=&#8221;1&#8243; column_backdrop_filter=&#8221;none&#8221; column_shadow=&#8221;none&#8221; column_border_radius=&#8221;none&#8221; column_link_target=&#8221;_self&#8221; overflow=&#8221;visible&#8221; gradient_direction=&#8221;left_to_right&#8221; overlay_strength=&#8221;0.3&#8243; width=&#8221;1\/1&#8243; tablet_width_inherit=&#8221;default&#8221; animation_type=&#8221;default&#8221; bg_image_animation=&#8221;none&#8221; border_type=&#8221;simple&#8221; column_border_width=&#8221;none&#8221; column_border_style=&#8221;solid&#8221;][vc_column_text]\n<h3>AVVISO LEGALE<\/h3>\n[\/vc_column_text][vc_column_text css=&#8221;&#8221; text_direction=&#8221;default&#8221;]Ai sensi dell&#8217;articolo 10 della Legge 34\/2002, dell&#8217;11 luglio, sui Servizi della Societ\u00e0 dell&#8217;Informazione e del Commercio Elettronico (LSSICE), i dati identificativi della societ\u00e0 sono riportati di seguito:<\/p>\n<p><strong>Nome della societ\u00e0<\/strong>: Mediterranean Renewables SGEIC, numero di registrazione di CNMV 204.<br \/>\n<span class=\"ui-provider a b c d e f g h i j k l m n o p q r s t u v w x y z ab ac ae af ag ah ai aj ak\" dir=\"ltr\"><strong>CIF<\/strong>: A44664126<\/span><br \/>\n<strong>Indirizzo<\/strong>: Avda. Alberto Alcocer 24, 7\u00ba, Madrid, 28036<br \/>\n<strong>Telefono<\/strong>: <a title=\"#\" href=\"http:\/\/medren.energy\/politica-de-privacidad\/#\" data-outlook-id=\"84966fad-908a-4a71-bd88-9696dc3136b6\">911 09 11 02<\/a><br \/>\n<strong>Email<\/strong>: <a href=\"mailto:info@medren.energy\">info@medren.energy<\/a><\/p>\n<h4>SCOPO DEL SITO WEB.<\/h4>\n<p>Il sito web consente agli utenti di accedere alle informazioni e ai servizi forniti da <strong>MEDITERRANEAN RENEWABLES SGEIC<\/strong>, numero di registrazione CNMV 204, alle persone o alle organizzazioni interessate.<\/p>\n<p>Il presente avviso legale (di seguito denominato &#8220;Avviso legale&#8221;) disciplina l&#8217;utilizzo del sito web: <strong><a href=\"https:\/\/medren.energy\/\">medren.energy<\/a><\/strong><\/p>\n<p><strong>LEGISLAZIONE.<\/strong><\/p>\n<p>In generale, i rapporti tra <span class=\"ui-provider a b c d e f g h i j k l m n o p q r s t u v w x y z ab ac ae af ag ah ai aj ak\" dir=\"ltr\">03860511F<\/span> e gli Utenti dei suoi servizi telematici, presenti su questo sito web, sono soggetti alla legislazione e alla giurisdizione spagnola.<\/p>\n<p><strong>E L&#8217;ACCESSO DEGLI UTENTI.<\/strong><\/p>\n<p>L&#8217;Utente \u00e8 informato e accetta che l&#8217;accesso a questo sito web non implica in alcun modo l&#8217;avvio di un rapporto commerciale con <strong>Mediterranean Renewables SGEIC<\/strong>, numero di registrazione CNMV 204<strong>,<\/strong> o con una qualsiasi delle sue delegazioni.<\/p>\n<p><strong>PROPRIET\u00c0 INTELLETTUALE E INDUSTRIALE.<\/strong><\/p>\n<p>I diritti di propriet\u00e0 intellettuale dei contenuti delle pagine web, del loro design grafico e dei codici sono di propriet\u00e0 di <strong>Mediterranean Renewables SGEIC<\/strong>, numero di registrazione CNMV 204, e, pertanto, ne \u00e8 vietata la riproduzione, la distribuzione, la comunicazione pubblica, la trasformazione o qualsiasi altra attivit\u00e0 che possa essere svolta con i contenuti delle sue pagine web, nemmeno citando le fonti, se non con il consenso scritto di <strong>Mediterranean Renewables SGEIC<\/strong>, numero di registrazione CNMV 204.<\/p>\n<p><strong>CONTENUTI WEB E LINK.<\/strong><\/p>\n<p><strong>Mediterranean Renewables SGEIC<\/strong>, numero di registrazione CNMV 204, si riserva il diritto di aggiornare, modificare o eliminare le informazioni contenute nelle sue pagine web e pu\u00f2 anche limitare o negare l&#8217;accesso a tali informazioni a determinati utenti.<\/p>\n<p><strong>Mediterranean Renewables SGEIC<\/strong>, numero di registrazione de CNMV 204. non si assume alcuna responsabilit\u00e0 per le informazioni contenute nei siti web di terze parti a cui si pu\u00f2 accedere tramite link da qualsiasi sito web di propriet\u00e0 di <strong>Mediterranean Renewables SGEIC<\/strong>, numero di registrazione CNMV 204. La presenza di link sui siti web di <strong>Mediterranean Renewables SGEIC<\/strong>, numero di registrazione di CNMV 204. \u00e8 solo a scopo informativo e non costituisce in alcun modo un suggerimento, un invito o una raccomandazione.[\/vc_column_text][\/vc_column_inner][\/vc_row_inner][\/vc_column][\/vc_row]\n","protected":false},"excerpt":{"rendered":"<p>[vc_row type=&#8221;in_container&#8221; full_screen_row_position=&#8221;middle&#8221; column_margin=&#8221;default&#8221; column_direction=&#8221;default&#8221; column_direction_tablet=&#8221;default&#8221; column_direction_phone=&#8221;default&#8221; scene_position=&#8221;center&#8221; text_color=&#8221;dark&#8221; text_align=&#8221;left&#8221; row_border_radius=&#8221;none&#8221; row_border_radius_applies=&#8221;bg&#8221; overflow=&#8221;visible&#8221; overlay_strength=&#8221;0.3&#8243; gradient_direction=&#8221;left_to_right&#8221; shape_divider_position=&#8221;bottom&#8221; bg_image_animation=&#8221;none&#8221;][vc_column column_padding=&#8221;no-extra-padding&#8221; column_padding_tablet=&#8221;inherit&#8221; column_padding_phone=&#8221;inherit&#8221; column_padding_position=&#8221;all&#8221; column_element_direction_desktop=&#8221;default&#8221; column_element_spacing=&#8221;default&#8221; desktop_text_alignment=&#8221;default&#8221; tablet_text_alignment=&#8221;default&#8221; phone_text_alignment=&#8221;default&#8221; background_color_opacity=&#8221;1&#8243; background_hover_color_opacity=&#8221;1&#8243; column_backdrop_filter=&#8221;none&#8221; column_shadow=&#8221;none&#8221;&#8230;<\/p>\n","protected":false},"author":1,"featured_media":0,"parent":0,"menu_order":0,"comment_status":"closed","ping_status":"closed","template":"","meta":{"footnotes":""},"class_list":["post-320","page","type-page","status-publish"],"yoast_head":"<!-- This site is optimized with the Yoast SEO plugin v24.7 - https:\/\/yoast.com\/wordpress\/plugins\/seo\/ -->\n<title>Avviso legale - Medren<\/title>\n<meta name=\"robots\" content=\"index, follow, max-snippet:-1, max-image-preview:large, max-video-preview:-1\" \/>\n<link rel=\"canonical\" href=\"https:\/\/medren.energy\/it\/avviso-legale\/\" \/>\n<meta property=\"og:locale\" content=\"it_IT\" \/>\n<meta property=\"og:type\" content=\"article\" \/>\n<meta property=\"og:title\" content=\"Avviso legale - Medren\" \/>\n<meta property=\"og:description\" content=\"[vc_row type=&#8221;in_container&#8221; full_screen_row_position=&#8221;middle&#8221; column_margin=&#8221;default&#8221; column_direction=&#8221;default&#8221; column_direction_tablet=&#8221;default&#8221; column_direction_phone=&#8221;default&#8221; scene_position=&#8221;center&#8221; text_color=&#8221;dark&#8221; text_align=&#8221;left&#8221; row_border_radius=&#8221;none&#8221; row_border_radius_applies=&#8221;bg&#8221; overflow=&#8221;visible&#8221; overlay_strength=&#8221;0.3&#8243; gradient_direction=&#8221;left_to_right&#8221; shape_divider_position=&#8221;bottom&#8221; bg_image_animation=&#8221;none&#8221;][vc_column column_padding=&#8221;no-extra-padding&#8221; column_padding_tablet=&#8221;inherit&#8221; column_padding_phone=&#8221;inherit&#8221; column_padding_position=&#8221;all&#8221; column_element_direction_desktop=&#8221;default&#8221; column_element_spacing=&#8221;default&#8221; desktop_text_alignment=&#8221;default&#8221; tablet_text_alignment=&#8221;default&#8221; phone_text_alignment=&#8221;default&#8221; background_color_opacity=&#8221;1&#8243; background_hover_color_opacity=&#8221;1&#8243; column_backdrop_filter=&#8221;none&#8221; column_shadow=&#8221;none&#8221;...\" \/>\n<meta property=\"og:url\" content=\"https:\/\/medren.energy\/it\/avviso-legale\/\" \/>\n<meta property=\"og:site_name\" content=\"Medren\" \/>\n<meta property=\"article:modified_time\" content=\"2025-03-07T11:54:16+00:00\" \/>\n<meta name=\"twitter:card\" content=\"summary_large_image\" \/>\n<meta name=\"twitter:label1\" content=\"Tempo di lettura stimato\" \/>\n\t<meta name=\"twitter:data1\" content=\"3 minuti\" \/>\n<script type=\"application\/ld+json\" class=\"yoast-schema-graph\">{\"@context\":\"https:\/\/schema.org\",\"@graph\":[{\"@type\":\"WebPage\",\"@id\":\"https:\/\/medren.energy\/it\/avviso-legale\/\",\"url\":\"https:\/\/medren.energy\/it\/avviso-legale\/\",\"name\":\"Avviso legale - Medren\",\"isPartOf\":{\"@id\":\"https:\/\/medren.energy\/#website\"},\"datePublished\":\"2025-02-27T13:23:56+00:00\",\"dateModified\":\"2025-03-07T11:54:16+00:00\",\"breadcrumb\":{\"@id\":\"https:\/\/medren.energy\/it\/avviso-legale\/#breadcrumb\"},\"inLanguage\":\"it-IT\",\"potentialAction\":[{\"@type\":\"ReadAction\",\"target\":[\"https:\/\/medren.energy\/it\/avviso-legale\/\"]}]},{\"@type\":\"BreadcrumbList\",\"@id\":\"https:\/\/medren.energy\/it\/avviso-legale\/#breadcrumb\",\"itemListElement\":[{\"@type\":\"ListItem\",\"position\":1,\"name\":\"Portada\",\"item\":\"https:\/\/medren.energy\/\"},{\"@type\":\"ListItem\",\"position\":2,\"name\":\"Avviso legale\"}]},{\"@type\":\"WebSite\",\"@id\":\"https:\/\/medren.energy\/#website\",\"url\":\"https:\/\/medren.energy\/\",\"name\":\"Medren\",\"description\":\"Just another WordPress site\",\"publisher\":{\"@id\":\"https:\/\/medren.energy\/#organization\"},\"potentialAction\":[{\"@type\":\"SearchAction\",\"target\":{\"@type\":\"EntryPoint\",\"urlTemplate\":\"https:\/\/medren.energy\/?s={search_term_string}\"},\"query-input\":{\"@type\":\"PropertyValueSpecification\",\"valueRequired\":true,\"valueName\":\"search_term_string\"}}],\"inLanguage\":\"it-IT\"},{\"@type\":\"Organization\",\"@id\":\"https:\/\/medren.energy\/#organization\",\"name\":\"Medren\",\"url\":\"https:\/\/medren.energy\/\",\"logo\":{\"@type\":\"ImageObject\",\"inLanguage\":\"it-IT\",\"@id\":\"https:\/\/medren.energy\/#\/schema\/logo\/image\/\",\"url\":\"https:\/\/medren.energy\/wp-content\/uploads\/2025\/02\/fav-medren.webp\",\"contentUrl\":\"https:\/\/medren.energy\/wp-content\/uploads\/2025\/02\/fav-medren.webp\",\"width\":846,\"height\":844,\"caption\":\"Medren\"},\"image\":{\"@id\":\"https:\/\/medren.energy\/#\/schema\/logo\/image\/\"}}]}<\/script>\n<!-- \/ Yoast SEO plugin. -->","yoast_head_json":{"title":"Avviso legale - Medren","robots":{"index":"index","follow":"follow","max-snippet":"max-snippet:-1","max-image-preview":"max-image-preview:large","max-video-preview":"max-video-preview:-1"},"canonical":"https:\/\/medren.energy\/it\/avviso-legale\/","og_locale":"it_IT","og_type":"article","og_title":"Avviso legale - Medren","og_description":"[vc_row type=&#8221;in_container&#8221; full_screen_row_position=&#8221;middle&#8221; column_margin=&#8221;default&#8221; column_direction=&#8221;default&#8221; column_direction_tablet=&#8221;default&#8221; column_direction_phone=&#8221;default&#8221; scene_position=&#8221;center&#8221; text_color=&#8221;dark&#8221; text_align=&#8221;left&#8221; row_border_radius=&#8221;none&#8221; row_border_radius_applies=&#8221;bg&#8221; overflow=&#8221;visible&#8221; overlay_strength=&#8221;0.3&#8243; gradient_direction=&#8221;left_to_right&#8221; shape_divider_position=&#8221;bottom&#8221; bg_image_animation=&#8221;none&#8221;][vc_column column_padding=&#8221;no-extra-padding&#8221; column_padding_tablet=&#8221;inherit&#8221; column_padding_phone=&#8221;inherit&#8221; column_padding_position=&#8221;all&#8221; column_element_direction_desktop=&#8221;default&#8221; column_element_spacing=&#8221;default&#8221; desktop_text_alignment=&#8221;default&#8221; tablet_text_alignment=&#8221;default&#8221; phone_text_alignment=&#8221;default&#8221; background_color_opacity=&#8221;1&#8243; background_hover_color_opacity=&#8221;1&#8243; column_backdrop_filter=&#8221;none&#8221; column_shadow=&#8221;none&#8221;...","og_url":"https:\/\/medren.energy\/it\/avviso-legale\/","og_site_name":"Medren","article_modified_time":"2025-03-07T11:54:16+00:00","twitter_card":"summary_large_image","twitter_misc":{"Tempo di lettura stimato":"3 minuti"},"schema":{"@context":"https:\/\/schema.org","@graph":[{"@type":"WebPage","@id":"https:\/\/medren.energy\/it\/avviso-legale\/","url":"https:\/\/medren.energy\/it\/avviso-legale\/","name":"Avviso legale - Medren","isPartOf":{"@id":"https:\/\/medren.energy\/#website"},"datePublished":"2025-02-27T13:23:56+00:00","dateModified":"2025-03-07T11:54:16+00:00","breadcrumb":{"@id":"https:\/\/medren.energy\/it\/avviso-legale\/#breadcrumb"},"inLanguage":"it-IT","potentialAction":[{"@type":"ReadAction","target":["https:\/\/medren.energy\/it\/avviso-legale\/"]}]},{"@type":"BreadcrumbList","@id":"https:\/\/medren.energy\/it\/avviso-legale\/#breadcrumb","itemListElement":[{"@type":"ListItem","position":1,"name":"Portada","item":"https:\/\/medren.energy\/"},{"@type":"ListItem","position":2,"name":"Avviso legale"}]},{"@type":"WebSite","@id":"https:\/\/medren.energy\/#website","url":"https:\/\/medren.energy\/","name":"Medren","description":"Just another WordPress site","publisher":{"@id":"https:\/\/medren.energy\/#organization"},"potentialAction":[{"@type":"SearchAction","target":{"@type":"EntryPoint","urlTemplate":"https:\/\/medren.energy\/?s={search_term_string}"},"query-input":{"@type":"PropertyValueSpecification","valueRequired":true,"valueName":"search_term_string"}}],"inLanguage":"it-IT"},{"@type":"Organization","@id":"https:\/\/medren.energy\/#organization","name":"Medren","url":"https:\/\/medren.energy\/","logo":{"@type":"ImageObject","inLanguage":"it-IT","@id":"https:\/\/medren.energy\/#\/schema\/logo\/image\/","url":"https:\/\/medren.energy\/wp-content\/uploads\/2025\/02\/fav-medren.webp","contentUrl":"https:\/\/medren.energy\/wp-content\/uploads\/2025\/02\/fav-medren.webp","width":846,"height":844,"caption":"Medren"},"image":{"@id":"https:\/\/medren.energy\/#\/schema\/logo\/image\/"}}]}},"_links":{"self":[{"href":"https:\/\/medren.energy\/it\/wp-json\/wp\/v2\/pages\/320","targetHints":{"allow":["GET"]}}],"collection":[{"href":"https:\/\/medren.energy\/it\/wp-json\/wp\/v2\/pages"}],"about":[{"href":"https:\/\/medren.energy\/it\/wp-json\/wp\/v2\/types\/page"}],"author":[{"embeddable":true,"href":"https:\/\/medren.energy\/it\/wp-json\/wp\/v2\/users\/1"}],"replies":[{"embeddable":true,"href":"https:\/\/medren.energy\/it\/wp-json\/wp\/v2\/comments?post=320"}],"version-history":[{"count":2,"href":"https:\/\/medren.energy\/it\/wp-json\/wp\/v2\/pages\/320\/revisions"}],"predecessor-version":[{"id":322,"href":"https:\/\/medren.energy\/it\/wp-json\/wp\/v2\/pages\/320\/revisions\/322"}],"wp:attachment":[{"href":"https:\/\/medren.energy\/it\/wp-json\/wp\/v2\/media?parent=320"}],"curies":[{"name":"wp","href":"https:\/\/api.w.org\/{rel}","templated":true}]}}